{"id":749,"date":"2020-02-25T14:51:07","date_gmt":"2020-02-25T13:51:07","guid":{"rendered":"https:\/\/www.julianhagen.net\/?page_id=749"},"modified":"2023-03-27T18:49:24","modified_gmt":"2023-03-27T16:49:24","slug":"impressum","status":"publish","type":"page","link":"https:\/\/www.julianhagen.net\/en\/impressum\/","title":{"rendered":"Imprint"},"content":{"rendered":"<p>HAGEN GESTALTUNG BBI<br>Julian C. Hagen <br>Franzensgasse 21\/7 <br>1050 Wien | Austria <br><br>Tel: +43 681 107 609 68<br>E-Mail: <a href=\"mailto:studio@julianhagen.net\">studio@julianhagen.net<\/a><br>UID-Nr: ATU64075011<br>Mitglied der WK\u00d6, WKW<br><\/p>\n\n\n\n<p>Verbraucher haben die M\u00f6glichkeit, Beschwerden an die Online- Streitbeilegungsplattform der EU zu richten: <a rel=\"noreferrer noopener\" aria-label=\"http:\/\/ec.europa.eu\/odr (\u00f6ffnet in neuem Tab)\" href=\"http:\/\/ec.europa.eu\/odr\" target=\"_blank\">http:\/\/ec.europa.eu\/odr<\/a><br>Sie k\u00f6nnen allf\u00e4llige Beschwerde auch an die oben angegebene E-Mail-Adresse richten. <br><\/p>\n\n\n\n<p><strong>Nutzungsbedingungen f\u00fcr die Homepage:<\/strong><br> <br><strong>Haftungshinweis<\/strong><br>Trotz sorgf\u00e4ltiger inhaltlicher Kontrolle \u00fcbernehmen wir keine Haftung f\u00fcr die Inhalte externer Links. F\u00fcr den Inhalt der verlinkten Seiten sind ausschlie\u00dflich deren Betreiber verantwortlich.<br><\/p>\n\n\n\n<p><strong>Urheberrecht<\/strong><br>Alle Inhalte auf dieser Website sind urheberrechtlich gesch\u00fctzt. Texte, Bilder und Grafiken unterliegen dem Schutz des Urheberrechts und anderer Schutzgesetze. Der Inhalt darf nicht zu kommerziellen Zwecken kopiert, verbreitet, ver\u00e4ndert oder Dritten zug\u00e4nglich gemacht werden. Jede Nutzung, insbesondere die Speicherung in Datenbanken, Vervielf\u00e4ltigung, Verbreitung und jede Form von gewerblicher Nutzung sowie die Weitergabe an Dritte &#8211; auch in Teilen oder in \u00fcberarbeiteter Form &#8211; ohne Zustimmung des Betreibers bzw. des Urhebers ist untersagt.<\/p>\n\n\n\n<p><strong>Google Analytics<\/strong><br>Diese Website benutzt Google Analytics, einen Webanalysedienst der Google Inc. (\u201eGoogle\u201c). Google Analytics verwendet sog. \u201eCookies\u201c, Textdateien, die auf Ihrem Computer gespeichert werden und die eine Analyse der Benutzung der Website durch Sie erm\u00f6glichen. Die durch den Cookie erzeugten Informationen \u00fcber Ihre Benutzung dieser Website (einschlie\u00dflich Ihrer IP-Adresse) wird an einen Server von Google in den USA \u00fcbertragen und dort gespeichert. Google wird diese Informationen benutzen, um Ihre Nutzung der Website auszuwerten, um Reports \u00fcber die Websiteaktivit\u00e4ten f\u00fcr die Websitebetreiber zusammenzustellen und um weitere mit der Websitenutzung und der Internetnutzung verbundene Dienstleistungen zu erbringen. Auch wird Google diese Informationen gegebenenfalls an Dritte \u00fcbertragen, sofern dies gesetzlich vorgeschrieben oder soweit Dritte diese Daten im Auftrag von Google verarbeiten. Google wird in keinem Fall Ihre IP-Adresse mit anderen Daten von Google in Verbindung bringen.<\/p>\n\n\n\n<p>Sie k\u00f6nnen die Installation der Cookies durch eine entsprechende Einstellung Ihrer Browser Software verhindern; wir weisen Sie jedoch darauf hin, dass Sie in diesem Fall gegebenenfalls nicht s\u00e4mtliche Funktionen dieser Website vollumf\u00e4nglich nutzen k\u00f6nnen. Durch die Nutzung dieser Website erkl\u00e4ren Sie sich mit der Bearbeitung der \u00fcber Sie erhobenen Daten durch Google in der zuvor beschriebenen Art und Weise und zu dem zuvor benannten Zweck einverstanden.<\/p>\n\n\n\n<p>Die Nutzungsbedingungen von Google finden Sie unter: <a href=\"http:\/\/google.com\/intl\/de\/policies\/terms\" target=\"_blank\" rel=\"noreferrer noopener\" aria-label=\"google.com\/intl\/de\/policies\/terms (\u00f6ffnet in neuem Tab)\">google.com\/intl\/de\/policies\/terms<\/a><\/p>\n\n\n\n<p>Die Datenschutzbestimmungen von Google finden Sie unter: <a href=\"http:\/\/google.com\/intl\/de\/privacypolicy.html\" target=\"_blank\" rel=\"noreferrer noopener\" aria-label=\"google.com\/intl\/de\/privacypolicy.html (\u00f6ffnet in neuem Tab)\">google.com\/intl\/de\/privacypolicy.html<\/a><\/p>\n\n\n\n<p><strong>Datenschutzerkl\u00e4rung:<\/strong><br>Der Schutz Ihrer pers\u00f6nlichen Daten ist uns ein besonderes Anliegen. Wir verarbeiten Ihre Daten daher ausschlie\u00dflich auf Grundlage der gesetzlichen Bestimmungen (DSGVO, TKG 2003). In diesen Datenschutzinformationen informieren wir Sie \u00fcber die wichtigsten Aspekte der Datenverarbeitung im Rahmen unserer Website.<br> Kontakt mit uns<\/p>\n\n\n\n<p>Wenn Sie per Formular auf der Website oder per E-Mail Kontakt mit uns aufnehmen, werden Ihre angegebenen Daten zwecks Bearbeitung der Anfrage und f\u00fcr den Fall von Anschlussfragen sechs Monate bei uns gespeichert. Diese Daten geben wir nicht ohne Ihre Einwilligung weiter.<\/p>\n\n\n\n<p><strong>Web-Analyse<\/strong><\/p>\n\n\n\n<p>Diese Website benutzt Google Analytics, einen Webanalysedienst der Google Inc. (\u201cGoogle\u201d). Google Analytics verwendet sog. \u201cCookies\u201d, Textdateien, die auf Ihrem Computer gespeichert werden und die eine Analyse der Benutzung der Website durch Sie erm\u00f6glicht. Die durch den Cookie erzeugten Informationen \u00fcber Ihre Benutzung dieser Website (einschlie\u00dflich Ihrer IP-Adresse) wird an einen Server von Google in den USA \u00fcbertragen und dort gespeichert.<\/p>\n\n\n\n<p>Google wird diese Informationen benutzen, um Ihre Nutzung der Website auszuwerten, um Reports \u00fcber die Websiteaktivit\u00e4ten f\u00fcr die WebsitebetreiberInnen zusammenzustellen und um weitere mit der Websitenutzung und der Internetnutzung verbundene Dienstleistungen zu erbringen. Auch wird Google diese Informationen gegebenenfalls an Dritte \u00fcbertragen, sofern dies gesetzlich vorgeschrieben ist oder soweit Dritte diese Daten im Auftrag von Google verarbeiten. Google wird in keinem Fall Ihre IP-Adresse mit anderen Daten der Google Inc. in Verbindung bringen.<\/p>\n\n\n\n<p>Sie k\u00f6nnen die Speicherung der Cookies durch eine entsprechende Einstellung Ihrer Browser-Software verhindern; wir weisen Sie jedoch darauf hin, dass Sie in diesem Fall gegebenenfalls nicht s\u00e4mtliche Funktionen dieser Website vollumf\u00e4nglich werden nutzen k\u00f6nnen. Sie k\u00f6nnen dar\u00fcber hinaus die Erfassung der durch das Cookie erzeugten und auf Ihre Nutzung der Website bezogenen Daten (inkl. Ihrer IP-Adresse) an Google sowie die Verarbeitung dieser Daten durch Google verhindern, indem sie das unter dem folgenden Link verf\u00fcgbare Browser-Plugin herunterladen und installieren: <a href=\"http:\/\/tools.google.com\/dlpage\/gaoptout?hl=de\" target=\"_blank\" rel=\"noreferrer noopener\" aria-label=\"http:\/\/tools.google.com\/dlpage\/gaoptout?hl=de (\u00f6ffnet in neuem Tab)\">http:\/\/tools.google.com\/dlpage\/gaoptout?hl=de<\/a>.<\/p>\n\n\n\n<p>Die Datenverarbeitung erfolgt auf Basis der gesetzlichen Bestimmungen des \u00a7 96 Abs 3 TKG sowie des Art 6 Abs 1 lit a (Einwilligung) und\/oder f (berechtigtes Interesse) der DSGVO.<\/p>\n\n\n\n<p>Unser Anliegen im Sinne der DSGVO (berechtigtes Interesse) ist die Verbesserung unseres Angebotes und unseres Webauftritts. Die Nutzerdaten werden 26 Monate aufbewahrt.<\/p>\n\n\n\n<p><strong>Ihre Rechte<\/strong><\/p>\n\n\n\n<p>Ihnen stehen grunds\u00e4tzlich die Rechte auf Auskunft, Berichtigung, L\u00f6schung, Einschr\u00e4nkung, Daten\u00fcbertragbarkeit, Widerruf und Widerspruch zu. Wenn Sie glauben, dass die Verarbeitung Ihrer Daten gegen das Datenschutzrecht verst\u00f6\u00dft oder Ihre datenschutzrechtlichen Anspr\u00fcche sonst in einer Weise verletzt worden sind, k\u00f6nnen Sie sich bei der Aufsichtsbeh\u00f6rde beschweren. In \u00d6sterreich ist dies die Datenschutzbeh\u00f6rde.<\/p>\n\n\n\n<p><strong>Sie erreichen uns unter folgenden Kontaktdaten:<\/strong><\/p>\n\n\n\n<p>HAGEN GESTALTUNG BBI<br>Julian Hagen<br>Franzensgasse 21\/7<br>1050 Wien, \u00d6sterreich<br>studio@julianhagen.net<br>+43 699 105 796 90<\/p>","protected":false},"excerpt":{"rendered":"<p>HAGEN GESTALTUNG BBIJulian C. Hagen Franzensgasse 21\/7 1050 Wien | Austria Tel: +43 681 107 609 68E-Mail: studio@julianhagen.netUID-Nr: ATU64075011Mitglied der WK\u00d6, WKW Verbraucher haben die M\u00f6glichkeit, Beschwerden an die Online- Streitbeilegungsplattform der EU zu richten: http:\/\/ec.europa.eu\/odrSie k\u00f6nnen allf\u00e4llige Beschwerde auch an die oben angegebene E-Mail-Adresse richten. Nutzungsbedingungen f\u00fcr die Homepage: HaftungshinweisTrotz sorgf\u00e4ltiger inhaltlicher Kontrolle \u00fcbernehmen [&#8230;]<\/p>\n<p><a class=\"btn btn-secondary read-more-link\" href=\"https:\/\/www.julianhagen.net\/en\/impressum\/\">Read More&#8230;<\/a><\/p>","protected":false},"author":2,"featured_media":0,"parent":0,"menu_order":0,"comment_status":"closed","ping_status":"closed","template":"","meta":{"_monsterinsights_skip_tracking":false,"_monsterinsights_sitenote_active":false,"_monsterinsights_sitenote_note":"","_monsterinsights_sitenote_category":0,"footnotes":""},"class_list":["post-749","page","type-page","status-publish","hentry"],"yoast_head":"<!-- This site is optimized with the Yoast SEO plugin v26.8 - https:\/\/yoast.com\/product\/yoast-seo-wordpress\/ -->\n<title>Impressum - Hagen Gestaltung<\/title>\n<meta name=\"description\" content=\"Agentur f\u00fcr Grafik Design und visuelle Gestaltung. Wir machen Erscheinungsbilder, Websites, wir schreiben Texte und verpacken Ihre Inhalte\" \/>\n<meta name=\"robots\" content=\"index, follow, max-snippet:-1, max-image-preview:large, max-video-preview:-1\" \/>\n<link rel=\"canonical\" href=\"https:\/\/www.julianhagen.net\/en\/impressum\/\" \/>\n<meta property=\"og:locale\" content=\"en_US\" \/>\n<meta property=\"og:type\" content=\"article\" \/>\n<meta property=\"og:title\" content=\"Impressum - Hagen Gestaltung\" \/>\n<meta property=\"og:description\" content=\"Agentur f\u00fcr Grafik Design und visuelle Gestaltung. Wir machen Erscheinungsbilder, Websites, wir schreiben Texte und verpacken Ihre Inhalte\" \/>\n<meta property=\"og:url\" content=\"https:\/\/www.julianhagen.net\/en\/impressum\/\" \/>\n<meta property=\"og:site_name\" content=\"Hagen Gestaltung\" \/>\n<meta property=\"article:modified_time\" content=\"2023-03-27T16:49:24+00:00\" \/>\n<meta name=\"twitter:card\" content=\"summary_large_image\" \/>\n<meta name=\"twitter:label1\" content=\"Est. reading time\" \/>\n\t<meta name=\"twitter:data1\" content=\"5 minutes\" \/>\n<!-- \/ Yoast SEO plugin. -->","yoast_head_json":{"title":"Impressum - Hagen Gestaltung","description":"Agentur f\u00fcr Grafik Design und visuelle Gestaltung. Wir machen Erscheinungsbilder, Websites, wir schreiben Texte und verpacken Ihre Inhalte","robots":{"index":"index","follow":"follow","max-snippet":"max-snippet:-1","max-image-preview":"max-image-preview:large","max-video-preview":"max-video-preview:-1"},"canonical":"https:\/\/www.julianhagen.net\/en\/impressum\/","og_locale":"en_US","og_type":"article","og_title":"Impressum - Hagen Gestaltung","og_description":"Agentur f\u00fcr Grafik Design und visuelle Gestaltung. Wir machen Erscheinungsbilder, Websites, wir schreiben Texte und verpacken Ihre Inhalte","og_url":"https:\/\/www.julianhagen.net\/en\/impressum\/","og_site_name":"Hagen Gestaltung","article_modified_time":"2023-03-27T16:49:24+00:00","twitter_card":"summary_large_image","twitter_misc":{"Est. reading time":"5 minutes"},"schema":{"@context":"https:\/\/schema.org","@graph":[{"@type":"WebPage","@id":"https:\/\/www.julianhagen.net\/impressum\/","url":"https:\/\/www.julianhagen.net\/impressum\/","name":"Impressum - Hagen Gestaltung","isPartOf":{"@id":"https:\/\/www.julianhagen.net\/#website"},"datePublished":"2020-02-25T13:51:07+00:00","dateModified":"2023-03-27T16:49:24+00:00","description":"Agentur f\u00fcr Grafik Design und visuelle Gestaltung. Wir machen Erscheinungsbilder, Websites, wir schreiben Texte und verpacken Ihre Inhalte","breadcrumb":{"@id":"https:\/\/www.julianhagen.net\/impressum\/#breadcrumb"},"inLanguage":"en-US","potentialAction":[{"@type":"ReadAction","target":["https:\/\/www.julianhagen.net\/impressum\/"]}]},{"@type":"BreadcrumbList","@id":"https:\/\/www.julianhagen.net\/impressum\/#breadcrumb","itemListElement":[{"@type":"ListItem","position":1,"name":"Startseite","item":"https:\/\/www.julianhagen.net\/"},{"@type":"ListItem","position":2,"name":"Impressum"}]},{"@type":"WebSite","@id":"https:\/\/www.julianhagen.net\/#website","url":"https:\/\/www.julianhagen.net\/","name":"Hagen Gestaltung","description":"","publisher":{"@id":"https:\/\/www.julianhagen.net\/#\/schema\/person\/200749b7a47166e6db3baea812792a23"},"potentialAction":[{"@type":"SearchAction","target":{"@type":"EntryPoint","urlTemplate":"https:\/\/www.julianhagen.net\/?s={search_term_string}"},"query-input":{"@type":"PropertyValueSpecification","valueRequired":true,"valueName":"search_term_string"}}],"inLanguage":"en-US"},{"@type":["Person","Organization"],"@id":"https:\/\/www.julianhagen.net\/#\/schema\/person\/200749b7a47166e6db3baea812792a23","name":"julian","image":{"@type":"ImageObject","inLanguage":"en-US","@id":"https:\/\/www.julianhagen.net\/#\/schema\/person\/image\/","url":"https:\/\/www.julianhagen.net\/wp-content\/uploads\/2021\/05\/HAGEN-GESTALTUNG_H-03-01.png","contentUrl":"https:\/\/www.julianhagen.net\/wp-content\/uploads\/2021\/05\/HAGEN-GESTALTUNG_H-03-01.png","width":34,"height":32,"caption":"julian"},"logo":{"@id":"https:\/\/www.julianhagen.net\/#\/schema\/person\/image\/"}}]}},"_links":{"self":[{"href":"https:\/\/www.julianhagen.net\/en\/wp-json\/wp\/v2\/pages\/749","targetHints":{"allow":["GET"]}}],"collection":[{"href":"https:\/\/www.julianhagen.net\/en\/wp-json\/wp\/v2\/pages"}],"about":[{"href":"https:\/\/www.julianhagen.net\/en\/wp-json\/wp\/v2\/types\/page"}],"author":[{"embeddable":true,"href":"https:\/\/www.julianhagen.net\/en\/wp-json\/wp\/v2\/users\/2"}],"replies":[{"embeddable":true,"href":"https:\/\/www.julianhagen.net\/en\/wp-json\/wp\/v2\/comments?post=749"}],"version-history":[{"count":4,"href":"https:\/\/www.julianhagen.net\/en\/wp-json\/wp\/v2\/pages\/749\/revisions"}],"predecessor-version":[{"id":1021,"href":"https:\/\/www.julianhagen.net\/en\/wp-json\/wp\/v2\/pages\/749\/revisions\/1021"}],"wp:attachment":[{"href":"https:\/\/www.julianhagen.net\/en\/wp-json\/wp\/v2\/media?parent=749"}],"curies":[{"name":"wp","href":"https:\/\/api.w.org\/{rel}","templated":true}]}}