{"id":672,"date":"2020-02-12T17:31:48","date_gmt":"2020-02-12T16:31:48","guid":{"rendered":"https:\/\/www.julianhagen.net\/?page_id=672"},"modified":"2025-03-27T14:38:41","modified_gmt":"2025-03-27T13:38:41","slug":"kontakt","status":"publish","type":"page","link":"https:\/\/www.julianhagen.net\/en\/kontakt\/","title":{"rendered":"Contact"},"content":{"rendered":"<div id=\"wpgmza_map\" class=\"wpgmza_map\" data-settings='{\"id\":\"1\",\"map_title\":\"HAGEN GESTALTUNG\",\"map_width\":\"100\",\"map_height\":\"500\",\"map_start_lat\":\"48.380314\",\"map_start_lng\":\"12.593163\",\"map_start_location\":\"48.3803141596548,12.59316259374999\",\"map_start_zoom\":\"7\",\"default_marker\":\"0\",\"type\":\"1\",\"alignment\":\"4\",\"directions_enabled\":\"1\",\"styling_enabled\":\"0\",\"styling_json\":\"\",\"active\":\"0\",\"kml\":\"\",\"bicycle\":\"0\",\"traffic\":\"0\",\"dbox\":\"1\",\"dbox_width\":\"100\",\"listmarkers\":\"0\",\"listmarkers_advanced\":\"0\",\"filterbycat\":\"0\",\"ugm_enabled\":\"0\",\"ugm_category_enabled\":\"0\",\"fusion\":\"\",\"map_width_type\":\"\\\\%\",\"map_height_type\":\"px\",\"mass_marker_support\":\"1\",\"ugm_access\":\"0\",\"order_markers_by\":\"1\",\"order_markers_choice\":\"2\",\"show_user_location\":\"0\",\"default_to\":\"\",\"other_settings\":{\"store_locator_enabled\":2,\"store_locator_distance\":2,\"store_locator_default_radius\":10,\"store_locator_not_found_message\":\"No results found in this location. Please try again.\",\"store_locator_bounce\":1,\"store_locator_query_string\":\"PLZ \\\/ Adresse:\",\"store_locator_default_address\":\"\",\"wpgmza_store_locator_restrict\":\"\",\"store_locator_style\":\"legacy\",\"wpgmza_store_locator_radius_style\":\"modern\",\"map_max_zoom\":\"1\",\"transport_layer\":0,\"wpgmza_theme_data\":\"[{\\\"featureType\\\":\\\"landscape\\\",\\\"stylers\\\":[{\\\"saturation\\\":-100},{\\\"lightness\\\":65},{\\\"visibility\\\":\\\"on\\\"}]},{\\\"featureType\\\":\\\"poi\\\",\\\"stylers\\\":[{\\\"saturation\\\":-100},{\\\"lightness\\\":51},{\\\"visibility\\\":\\\"simplified\\\"}]},{\\\"featureType\\\":\\\"road.highway\\\",\\\"stylers\\\":[{\\\"saturation\\\":-100},{\\\"visibility\\\":\\\"simplified\\\"}]},{\\\"featureType\\\":\\\"road.arterial\\\",\\\"stylers\\\":[{\\\"saturation\\\":-100},{\\\"lightness\\\":30},{\\\"visibility\\\":\\\"on\\\"}]},{\\\"featureType\\\":\\\"road.local\\\",\\\"stylers\\\":[{\\\"saturation\\\":-100},{\\\"lightness\\\":40},{\\\"visibility\\\":\\\"on\\\"}]},{\\\"featureType\\\":\\\"transit\\\",\\\"stylers\\\":[{\\\"saturation\\\":-100},{\\\"visibility\\\":\\\"simplified\\\"}]},{\\\"featureType\\\":\\\"administrative.province\\\",\\\"stylers\\\":[{\\\"visibility\\\":\\\"off\\\"}]},{\\\"featureType\\\":\\\"water\\\",\\\"elementType\\\":\\\"labels\\\",\\\"stylers\\\":[{\\\"visibility\\\":\\\"on\\\"},{\\\"lightness\\\":-25},{\\\"saturation\\\":-100}]},{\\\"featureType\\\":\\\"water\\\",\\\"elementType\\\":\\\"geometry\\\",\\\"stylers\\\":[{\\\"hue\\\":\\\"#ffff00\\\"},{\\\"lightness\\\":-25},{\\\"saturation\\\":-97}]}]\",\"wpgmza_show_points_of_interest\":1,\"wpgmza_auto_night\":0}}' data-map-id='1' data-maps-engine='google-maps' data-shortcode-attributes='{\"id\":\"1\"}' style=\"display:block; overflow:auto; width:100%; height:500px; float:left;\"><\/div>\n\n\n\n<div style=\"height:100px\" aria-hidden=\"true\" class=\"wp-block-spacer\"><\/div>\n\n\n\n<div class=\"wp-block-kadence-rowlayout alignnone\"><div id=\"kt-layout-id_f25006-9e\" class=\"kt-row-layout-inner kt-layout-id_f25006-9e\"><div class=\"kt-row-column-wrap kt-has-3-columns kt-gutter-default kt-v-gutter-default kt-row-valign-top kt-row-layout-equal kt-tab-layout-inherit kt-m-colapse-left-to-right kt-mobile-layout-row\">\n<div class=\"wp-block-kadence-column inner-column-1 kadence-column_7902ac-71\"><div class=\"kt-inside-inner-col\">\n<p><strong>HAGEN GESTALTUNG BBI<br><\/strong>Julian C. Hagen<br><a href=\"callto:+43 699 105 796 90\">+43 699 105 796 90<\/a><br>\n<a href=\"mailto:studio@julianhagen.net\">studio@julianhagen.net<\/a><\/p>\n<p>UID: ATU64075011<\/p>\n<\/div><\/div>\n<div class=\"wp-block-kadence-column inner-column-2 kadence-column_245a93-9d\"><div class=\"kt-inside-inner-col\">\n<p>DORNBIRN<br>Widagasse 1\/8<br>6850 Dornbirn<br>Austria<\/p>\n<\/div><\/div>\n<div class=\"wp-block-kadence-column inner-column-3 kadence-column_f57e08-69\"><div class=\"kt-inside-inner-col\">\n<p>VIENNA<br>Franzensgasse 21\/7<br>1050 Wien<br>Austria<\/p>\n<\/div><\/div>\n<\/div><\/div><\/div>\n\n\n\n<p>Ich freue mich \u00fcber einen pers\u00f6nlichen Besuch bei mir im Studio oder \u00fcber eine <a href=\"mailto: studio@julianhagen.net\">Nachricht.<\/a> <\/p>\n\n\n\n<div id=\"carouselExampleControls\" class=\"wp-block-hagen-gestaltung-blocks-carousel alignfull carousel slide\" data-ride=\"carousel\"><div class=\"carousel-inner\" role=\"listbox\">\n<div class=\"wp-block-hagen-gestaltung-blocks-carousel-item carousel-item\" data-dark=\"false\"><picture><source class=\"hg-carousel-full-image-878\" srcset=\"https:\/\/www.julianhagen.net\/wp-content\/uploads\/2021\/05\/040521_72dpi-48-scaled.jpg 2560w, https:\/\/www.julianhagen.net\/wp-content\/uploads\/2021\/05\/040521_72dpi-48-600x400.jpg 600w, https:\/\/www.julianhagen.net\/wp-content\/uploads\/2021\/05\/040521_72dpi-48-1024x683.jpg 1024w, https:\/\/www.julianhagen.net\/wp-content\/uploads\/2021\/05\/040521_72dpi-48-150x100.jpg 150w, https:\/\/www.julianhagen.net\/wp-content\/uploads\/2021\/05\/040521_72dpi-48-768x512.jpg 768w, https:\/\/www.julianhagen.net\/wp-content\/uploads\/2021\/05\/040521_72dpi-48-1536x1024.jpg 1536w, https:\/\/www.julianhagen.net\/wp-content\/uploads\/2021\/05\/040521_72dpi-48-2048x1365.jpg 2048w, https:\/\/www.julianhagen.net\/wp-content\/uploads\/2021\/05\/040521_72dpi-48-16x12.jpg 16w\" sizes=\"(max-width: 2560px) 100vw, 2560px\" media=\"(min-aspect-ratio: 15\/16)\" \/><img decoding=\"async\" src=\"https:\/\/www.julianhagen.net\/wp-content\/uploads\/2021\/05\/040521_72dpi-48-scaled.jpg\" class=\"hg-carousel-cropped-image-878\" srcset=\"https:\/\/www.julianhagen.net\/wp-content\/uploads\/2021\/05\/040521_72dpi-48-720x720.jpg 720w, https:\/\/www.julianhagen.net\/wp-content\/uploads\/2021\/05\/040521_72dpi-48-540x540.jpg 540w, https:\/\/www.julianhagen.net\/wp-content\/uploads\/2021\/05\/040521_72dpi-48-360x360.jpg 360w\" sizes=\"(max-width: 720px) 100vw, 720px\" \/><\/picture><div class=\"carousel-caption\"><p><\/p><\/div><\/div>\n<div class=\"wp-block-hagen-gestaltung-blocks-carousel-item carousel-item\" data-dark=\"false\"><picture><source class=\"hg-carousel-full-image-881\" srcset=\"https:\/\/www.julianhagen.net\/wp-content\/uploads\/2021\/05\/040521_72dpi-30-scaled.jpg 2560w, https:\/\/www.julianhagen.net\/wp-content\/uploads\/2021\/05\/040521_72dpi-30-600x400.jpg 600w, https:\/\/www.julianhagen.net\/wp-content\/uploads\/2021\/05\/040521_72dpi-30-1024x683.jpg 1024w, https:\/\/www.julianhagen.net\/wp-content\/uploads\/2021\/05\/040521_72dpi-30-150x100.jpg 150w, https:\/\/www.julianhagen.net\/wp-content\/uploads\/2021\/05\/040521_72dpi-30-768x512.jpg 768w, https:\/\/www.julianhagen.net\/wp-content\/uploads\/2021\/05\/040521_72dpi-30-1536x1024.jpg 1536w, https:\/\/www.julianhagen.net\/wp-content\/uploads\/2021\/05\/040521_72dpi-30-2048x1365.jpg 2048w, https:\/\/www.julianhagen.net\/wp-content\/uploads\/2021\/05\/040521_72dpi-30-16x12.jpg 16w\" sizes=\"(max-width: 2560px) 100vw, 2560px\" media=\"(min-aspect-ratio: 15\/16)\" \/><img decoding=\"async\" src=\"https:\/\/www.julianhagen.net\/wp-content\/uploads\/2021\/05\/040521_72dpi-30-scaled.jpg\" class=\"hg-carousel-cropped-image-881\" srcset=\"https:\/\/www.julianhagen.net\/wp-content\/uploads\/2021\/05\/040521_72dpi-30-720x720.jpg 720w, https:\/\/www.julianhagen.net\/wp-content\/uploads\/2021\/05\/040521_72dpi-30-540x540.jpg 540w, https:\/\/www.julianhagen.net\/wp-content\/uploads\/2021\/05\/040521_72dpi-30-360x360.jpg 360w\" sizes=\"(max-width: 720px) 100vw, 720px\" \/><\/picture><div class=\"carousel-caption\"><p><\/p><\/div><\/div>\n<\/div><a class=\"carousel-control-prev\" href=\"#carouselExampleControls\" role=\"button\" data-slide=\"prev\"><span class=\"carousel-control-prev-icon\" aria-hidden=\"true\"><\/span><span class=\"sr-only\">Previous<\/span><\/a><a class=\"carousel-control-next\" href=\"#carouselExampleControls\" role=\"button\" data-slide=\"next\"><span class=\"carousel-control-next-icon\" aria-hidden=\"true\"><\/span><span class=\"sr-only\">Next<\/span><\/a><\/div>\n\n\n\n<p class=\"has-text-align-center has-small-font-size\">member of<\/p>\n\n\n\n<div class=\"wp-block-columns is-layout-flex wp-container-core-columns-is-layout-9d6595d7 wp-block-columns-is-layout-flex\">\n<div class=\"wp-block-column is-layout-flow wp-block-column-is-layout-flow\"><div class=\"wp-block-image\">\n<figure class=\"alignright size-medium is-resized\"><img loading=\"lazy\" decoding=\"async\" width=\"600\" height=\"168\" src=\"https:\/\/www.julianhagen.net\/wp-content\/uploads\/2020\/02\/Design-Austria-Logo-600x168.jpg\" alt=\"\" class=\"wp-image-721\" style=\"width:150px\" srcset=\"https:\/\/www.julianhagen.net\/wp-content\/uploads\/2020\/02\/Design-Austria-Logo-600x168.jpg 600w, https:\/\/www.julianhagen.net\/wp-content\/uploads\/2020\/02\/Design-Austria-Logo-150x42.jpg 150w, https:\/\/www.julianhagen.net\/wp-content\/uploads\/2020\/02\/Design-Austria-Logo.jpg 689w\" sizes=\"auto, (max-width: 600px) 100vw, 600px\" \/><\/figure>\n<\/div><\/div>\n\n\n\n<div class=\"wp-block-column is-layout-flow wp-block-column-is-layout-flow\"><div class=\"wp-block-image\">\n<figure class=\"alignleft size-large is-resized\"><img loading=\"lazy\" decoding=\"async\" width=\"500\" height=\"223\" src=\"https:\/\/www.julianhagen.net\/wp-content\/uploads\/2020\/05\/Logo_Bildrecht_Schrift_sw_pos.width-500-1.jpg\" alt=\"\" class=\"wp-image-803\" style=\"width:108px;height:56px\" srcset=\"https:\/\/www.julianhagen.net\/wp-content\/uploads\/2020\/05\/Logo_Bildrecht_Schrift_sw_pos.width-500-1.jpg 500w, https:\/\/www.julianhagen.net\/wp-content\/uploads\/2020\/05\/Logo_Bildrecht_Schrift_sw_pos.width-500-1-150x67.jpg 150w\" sizes=\"auto, (max-width: 500px) 100vw, 500px\" \/><\/figure>\n<\/div><\/div>\n<\/div>\n\n\n\n<p><\/p>","protected":false},"excerpt":{"rendered":"<p>HAGEN GESTALTUNG BBIJulian C. Hagen+43 699 105 796 90 studio@julianhagen.net UID: ATU64075011 DORNBIRNWidagasse 1\/86850 DornbirnAustria WIENFranzensgasse 21\/71050 WienAustria Ich freue mich \u00fcber einen pers\u00f6nlichen Besuch bei mir im Studio oder \u00fcber eine Nachricht. PreviousNext member of [&#8230;]<\/p>\n<p><a class=\"btn btn-secondary read-more-link\" href=\"https:\/\/www.julianhagen.net\/en\/kontakt\/\">Read More&#8230;<\/a><\/p>","protected":false},"author":2,"featured_media":0,"parent":0,"menu_order":0,"comment_status":"closed","ping_status":"closed","template":"","meta":{"_monsterinsights_skip_tracking":false,"_monsterinsights_sitenote_active":false,"_monsterinsights_sitenote_note":"","_monsterinsights_sitenote_category":0,"footnotes":""},"class_list":["post-672","page","type-page","status-publish","hentry"],"yoast_head":"<!-- This site is optimized with the Yoast SEO plugin v26.8 - https:\/\/yoast.com\/product\/yoast-seo-wordpress\/ -->\n<title>Kontakt - Hagen Gestaltung<\/title>\n<meta name=\"robots\" content=\"index, follow, max-snippet:-1, max-image-preview:large, max-video-preview:-1\" \/>\n<link rel=\"canonical\" href=\"https:\/\/www.julianhagen.net\/en\/kontakt\/\" \/>\n<meta property=\"og:locale\" content=\"en_US\" \/>\n<meta property=\"og:type\" content=\"article\" \/>\n<meta property=\"og:title\" content=\"Kontakt - Hagen Gestaltung\" \/>\n<meta property=\"og:description\" content=\"HAGEN GESTALTUNG BBIJulian C. Hagen+43 699 105 796 90 studio@julianhagen.net UID: ATU64075011 DORNBIRNWidagasse 1\/86850 DornbirnAustria WIENFranzensgasse 21\/71050 WienAustria Ich freue mich \u00fcber einen pers\u00f6nlichen Besuch bei mir im Studio oder \u00fcber eine Nachricht. PreviousNext member of [...]Read More...\" \/>\n<meta property=\"og:url\" content=\"https:\/\/www.julianhagen.net\/en\/kontakt\/\" \/>\n<meta property=\"og:site_name\" content=\"Hagen Gestaltung\" \/>\n<meta property=\"article:modified_time\" content=\"2025-03-27T13:38:41+00:00\" \/>\n<meta property=\"og:image\" content=\"https:\/\/www.julianhagen.net\/wp-content\/uploads\/2021\/05\/040521_72dpi-48-scaled.jpg\" \/>\n<meta name=\"twitter:card\" content=\"summary_large_image\" \/>\n<meta name=\"twitter:label1\" content=\"Est. reading time\" \/>\n\t<meta name=\"twitter:data1\" content=\"2 minutes\" \/>\n<!-- \/ Yoast SEO plugin. -->","yoast_head_json":{"title":"Kontakt - Hagen Gestaltung","robots":{"index":"index","follow":"follow","max-snippet":"max-snippet:-1","max-image-preview":"max-image-preview:large","max-video-preview":"max-video-preview:-1"},"canonical":"https:\/\/www.julianhagen.net\/en\/kontakt\/","og_locale":"en_US","og_type":"article","og_title":"Kontakt - Hagen Gestaltung","og_description":"HAGEN GESTALTUNG BBIJulian C. Hagen+43 699 105 796 90 studio@julianhagen.net UID: ATU64075011 DORNBIRNWidagasse 1\/86850 DornbirnAustria WIENFranzensgasse 21\/71050 WienAustria Ich freue mich \u00fcber einen pers\u00f6nlichen Besuch bei mir im Studio oder \u00fcber eine Nachricht. PreviousNext member of [...]Read More...","og_url":"https:\/\/www.julianhagen.net\/en\/kontakt\/","og_site_name":"Hagen Gestaltung","article_modified_time":"2025-03-27T13:38:41+00:00","og_image":[{"url":"https:\/\/www.julianhagen.net\/wp-content\/uploads\/2021\/05\/040521_72dpi-48-scaled.jpg","type":"","width":"","height":""}],"twitter_card":"summary_large_image","twitter_misc":{"Est. reading time":"2 minutes"},"schema":{"@context":"https:\/\/schema.org","@graph":[{"@type":"WebPage","@id":"https:\/\/www.julianhagen.net\/kontakt\/","url":"https:\/\/www.julianhagen.net\/kontakt\/","name":"Kontakt - Hagen Gestaltung","isPartOf":{"@id":"https:\/\/www.julianhagen.net\/#website"},"primaryImageOfPage":{"@id":"https:\/\/www.julianhagen.net\/kontakt\/#primaryimage"},"image":{"@id":"https:\/\/www.julianhagen.net\/kontakt\/#primaryimage"},"thumbnailUrl":"https:\/\/www.julianhagen.net\/wp-content\/uploads\/2021\/05\/040521_72dpi-48-scaled.jpg","datePublished":"2020-02-12T16:31:48+00:00","dateModified":"2025-03-27T13:38:41+00:00","breadcrumb":{"@id":"https:\/\/www.julianhagen.net\/kontakt\/#breadcrumb"},"inLanguage":"en-US","potentialAction":[{"@type":"ReadAction","target":["https:\/\/www.julianhagen.net\/kontakt\/"]}]},{"@type":"ImageObject","inLanguage":"en-US","@id":"https:\/\/www.julianhagen.net\/kontakt\/#primaryimage","url":"https:\/\/www.julianhagen.net\/wp-content\/uploads\/2021\/05\/040521_72dpi-48-scaled.jpg","contentUrl":"https:\/\/www.julianhagen.net\/wp-content\/uploads\/2021\/05\/040521_72dpi-48-scaled.jpg"},{"@type":"BreadcrumbList","@id":"https:\/\/www.julianhagen.net\/kontakt\/#breadcrumb","itemListElement":[{"@type":"ListItem","position":1,"name":"Startseite","item":"https:\/\/www.julianhagen.net\/"},{"@type":"ListItem","position":2,"name":"Kontakt"}]},{"@type":"WebSite","@id":"https:\/\/www.julianhagen.net\/#website","url":"https:\/\/www.julianhagen.net\/","name":"Hagen Gestaltung","description":"","publisher":{"@id":"https:\/\/www.julianhagen.net\/#\/schema\/person\/200749b7a47166e6db3baea812792a23"},"potentialAction":[{"@type":"SearchAction","target":{"@type":"EntryPoint","urlTemplate":"https:\/\/www.julianhagen.net\/?s={search_term_string}"},"query-input":{"@type":"PropertyValueSpecification","valueRequired":true,"valueName":"search_term_string"}}],"inLanguage":"en-US"},{"@type":["Person","Organization"],"@id":"https:\/\/www.julianhagen.net\/#\/schema\/person\/200749b7a47166e6db3baea812792a23","name":"julian","image":{"@type":"ImageObject","inLanguage":"en-US","@id":"https:\/\/www.julianhagen.net\/#\/schema\/person\/image\/","url":"https:\/\/www.julianhagen.net\/wp-content\/uploads\/2021\/05\/HAGEN-GESTALTUNG_H-03-01.png","contentUrl":"https:\/\/www.julianhagen.net\/wp-content\/uploads\/2021\/05\/HAGEN-GESTALTUNG_H-03-01.png","width":34,"height":32,"caption":"julian"},"logo":{"@id":"https:\/\/www.julianhagen.net\/#\/schema\/person\/image\/"}}]}},"_links":{"self":[{"href":"https:\/\/www.julianhagen.net\/en\/wp-json\/wp\/v2\/pages\/672","targetHints":{"allow":["GET"]}}],"collection":[{"href":"https:\/\/www.julianhagen.net\/en\/wp-json\/wp\/v2\/pages"}],"about":[{"href":"https:\/\/www.julianhagen.net\/en\/wp-json\/wp\/v2\/types\/page"}],"author":[{"embeddable":true,"href":"https:\/\/www.julianhagen.net\/en\/wp-json\/wp\/v2\/users\/2"}],"replies":[{"embeddable":true,"href":"https:\/\/www.julianhagen.net\/en\/wp-json\/wp\/v2\/comments?post=672"}],"version-history":[{"count":31,"href":"https:\/\/www.julianhagen.net\/en\/wp-json\/wp\/v2\/pages\/672\/revisions"}],"predecessor-version":[{"id":1253,"href":"https:\/\/www.julianhagen.net\/en\/wp-json\/wp\/v2\/pages\/672\/revisions\/1253"}],"wp:attachment":[{"href":"https:\/\/www.julianhagen.net\/en\/wp-json\/wp\/v2\/media?parent=672"}],"curies":[{"name":"wp","href":"https:\/\/api.w.org\/{rel}","templated":true}]}}