{"id":17,"date":"2019-12-09T16:43:04","date_gmt":"2019-12-09T15:43:04","guid":{"rendered":"http:\/\/kunden.stefangrassberger.at\/hagen-gestaltung\/?page_id=17"},"modified":"2025-06-02T19:02:09","modified_gmt":"2025-06-02T17:02:09","slug":"willkommen","status":"publish","type":"page","link":"https:\/\/www.julianhagen.net\/en\/","title":{"rendered":"branding, Marken Entwicklung, Websites, Verpackungsdesign"},"content":{"rendered":"<div id=\"carousel-e8f08cfccc6f0116237f6e678a52e799\" class=\"wp-block-hagen-gestaltung-blocks-carousel alignfull carousel slide\" data-ride=\"carousel\"><div class=\"carousel-inner\" role=\"listbox\" data-slick=\"{&quot;autoplay&quot;: true}\">\n<div class=\"wp-block-hagen-gestaltung-blocks-carousel-item carousel-item\" data-dark=\"false\"><picture><source class=\"hg-carousel-full-image-1245\" srcset=\"https:\/\/www.julianhagen.net\/wp-content\/uploads\/2025\/03\/Lustenauer_Group3-2-scaled.webp 2560w, https:\/\/www.julianhagen.net\/wp-content\/uploads\/2025\/03\/Lustenauer_Group3-2-600x400.webp 600w, https:\/\/www.julianhagen.net\/wp-content\/uploads\/2025\/03\/Lustenauer_Group3-2-1024x683.webp 1024w, https:\/\/www.julianhagen.net\/wp-content\/uploads\/2025\/03\/Lustenauer_Group3-2-150x100.webp 150w, https:\/\/www.julianhagen.net\/wp-content\/uploads\/2025\/03\/Lustenauer_Group3-2-768x512.webp 768w, https:\/\/www.julianhagen.net\/wp-content\/uploads\/2025\/03\/Lustenauer_Group3-2-1536x1024.webp 1536w, https:\/\/www.julianhagen.net\/wp-content\/uploads\/2025\/03\/Lustenauer_Group3-2-2048x1366.webp 2048w, https:\/\/www.julianhagen.net\/wp-content\/uploads\/2025\/03\/Lustenauer_Group3-2-18x12.webp 18w\" sizes=\"(max-width: 2560px) 100vw, 2560px\" media=\"(min-aspect-ratio: 15\/16)\" \/><img decoding=\"async\" src=\"https:\/\/www.julianhagen.net\/wp-content\/uploads\/2025\/03\/Lustenauer_Group3-2-scaled.webp\" class=\"hg-carousel-cropped-image-1245\" srcset=\"https:\/\/www.julianhagen.net\/wp-content\/uploads\/2025\/03\/Lustenauer_Group3-2-720x720.webp 720w, https:\/\/www.julianhagen.net\/wp-content\/uploads\/2025\/03\/Lustenauer_Group3-2-540x540.webp 540w, https:\/\/www.julianhagen.net\/wp-content\/uploads\/2025\/03\/Lustenauer_Group3-2-360x360.webp 360w\" sizes=\"(max-width: 720px) 100vw, 720px\" \/><\/picture><div class=\"carousel-caption\"><p><\/p><\/div><\/div>\n\n\n\n<div class=\"wp-block-hagen-gestaltung-blocks-carousel-item carousel-item\" data-dark=\"false\"><picture><source class=\"hg-carousel-full-image-18\" srcset=\"https:\/\/www.julianhagen.net\/wp-content\/uploads\/2019\/12\/Naturschutz_Grafik_Nagelfluhkette_Hagen_Julian_Magazin_Umschlag_Klappe.jpg 2000w, https:\/\/www.julianhagen.net\/wp-content\/uploads\/2019\/12\/Naturschutz_Grafik_Nagelfluhkette_Hagen_Julian_Magazin_Umschlag_Klappe-600x400.jpg 600w, https:\/\/www.julianhagen.net\/wp-content\/uploads\/2019\/12\/Naturschutz_Grafik_Nagelfluhkette_Hagen_Julian_Magazin_Umschlag_Klappe-1024x682.jpg 1024w, https:\/\/www.julianhagen.net\/wp-content\/uploads\/2019\/12\/Naturschutz_Grafik_Nagelfluhkette_Hagen_Julian_Magazin_Umschlag_Klappe-150x100.jpg 150w, https:\/\/www.julianhagen.net\/wp-content\/uploads\/2019\/12\/Naturschutz_Grafik_Nagelfluhkette_Hagen_Julian_Magazin_Umschlag_Klappe-768x512.jpg 768w, https:\/\/www.julianhagen.net\/wp-content\/uploads\/2019\/12\/Naturschutz_Grafik_Nagelfluhkette_Hagen_Julian_Magazin_Umschlag_Klappe-1536x1024.jpg 1536w, https:\/\/www.julianhagen.net\/wp-content\/uploads\/2019\/12\/Naturschutz_Grafik_Nagelfluhkette_Hagen_Julian_Magazin_Umschlag_Klappe-300x200.jpg 300w\" sizes=\"(max-width: 2000px) 100vw, 2000px\" media=\"(min-aspect-ratio: 15\/16)\" \/><img decoding=\"async\" src=\"https:\/\/www.julianhagen.net\/wp-content\/uploads\/2019\/12\/Naturschutz_Grafik_Nagelfluhkette_Hagen_Julian_Magazin_Umschlag_Klappe.jpg\" class=\"hg-carousel-cropped-image-18\" srcset=\"https:\/\/www.julianhagen.net\/wp-content\/uploads\/2019\/12\/Naturschutz_Grafik_Nagelfluhkette_Hagen_Julian_Magazin_Umschlag_Klappe-720x720.jpg 720w, https:\/\/www.julianhagen.net\/wp-content\/uploads\/2019\/12\/Naturschutz_Grafik_Nagelfluhkette_Hagen_Julian_Magazin_Umschlag_Klappe-540x540.jpg 540w, https:\/\/www.julianhagen.net\/wp-content\/uploads\/2019\/12\/Naturschutz_Grafik_Nagelfluhkette_Hagen_Julian_Magazin_Umschlag_Klappe-360x360.jpg 360w\" sizes=\"(max-width: 720px) 100vw, 720px\" \/><\/picture><div class=\"carousel-caption\"><p><\/p><\/div><\/div>\n\n\n\n<div class=\"wp-block-hagen-gestaltung-blocks-carousel-item carousel-item\" data-dark=\"true\"><picture><source class=\"hg-carousel-full-image-387\" srcset=\"https:\/\/www.julianhagen.net\/wp-content\/uploads\/2020\/01\/Verpackungsgestaltung_Wien_Curry-Package-Design-Lustenauer-Senf-HAGEN.jpg 2000w, https:\/\/www.julianhagen.net\/wp-content\/uploads\/2020\/01\/Verpackungsgestaltung_Wien_Curry-Package-Design-Lustenauer-Senf-HAGEN-600x380.jpg 600w, https:\/\/www.julianhagen.net\/wp-content\/uploads\/2020\/01\/Verpackungsgestaltung_Wien_Curry-Package-Design-Lustenauer-Senf-HAGEN-1024x649.jpg 1024w, https:\/\/www.julianhagen.net\/wp-content\/uploads\/2020\/01\/Verpackungsgestaltung_Wien_Curry-Package-Design-Lustenauer-Senf-HAGEN-150x95.jpg 150w, https:\/\/www.julianhagen.net\/wp-content\/uploads\/2020\/01\/Verpackungsgestaltung_Wien_Curry-Package-Design-Lustenauer-Senf-HAGEN-768x487.jpg 768w, https:\/\/www.julianhagen.net\/wp-content\/uploads\/2020\/01\/Verpackungsgestaltung_Wien_Curry-Package-Design-Lustenauer-Senf-HAGEN-1536x973.jpg 1536w\" sizes=\"(max-width: 2000px) 100vw, 2000px\" media=\"(min-aspect-ratio: 15\/16)\" \/><img decoding=\"async\" src=\"https:\/\/www.julianhagen.net\/wp-content\/uploads\/2020\/01\/Verpackungsgestaltung_Wien_Curry-Package-Design-Lustenauer-Senf-HAGEN.jpg\" class=\"hg-carousel-cropped-image-387\" srcset=\"https:\/\/www.julianhagen.net\/wp-content\/uploads\/2020\/01\/Verpackungsgestaltung_Wien_Curry-Package-Design-Lustenauer-Senf-HAGEN-720x720.jpg 720w, https:\/\/www.julianhagen.net\/wp-content\/uploads\/2020\/01\/Verpackungsgestaltung_Wien_Curry-Package-Design-Lustenauer-Senf-HAGEN-540x540.jpg 540w, https:\/\/www.julianhagen.net\/wp-content\/uploads\/2020\/01\/Verpackungsgestaltung_Wien_Curry-Package-Design-Lustenauer-Senf-HAGEN-360x360.jpg 360w\" sizes=\"(max-width: 720px) 100vw, 720px\" \/><\/picture><div class=\"carousel-caption\"><p><\/p><\/div><\/div>\n\n\n\n<div class=\"wp-block-hagen-gestaltung-blocks-carousel-item carousel-item\" data-dark=\"true\"><video autoplay loop muted playsinline><source src=\"https:\/\/www.julianhagen.net\/wp-content\/uploads\/2020\/02\/MOMA_Animation_FINAL_1_1300x1080px.mp4\" type=\"video\/mp4\"\/><\/video><div class=\"carousel-caption\"><p><\/p><\/div><\/div>\n\n\n\n<div class=\"wp-block-hagen-gestaltung-blocks-carousel-item carousel-item\" data-dark=\"false\"><picture><source class=\"hg-carousel-full-image-20\" srcset=\"https:\/\/www.julianhagen.net\/wp-content\/uploads\/2019\/12\/Land-Art-Schubert_Buch_Cover_Hagen_Julian_Gestaltung.jpg 2000w, https:\/\/www.julianhagen.net\/wp-content\/uploads\/2019\/12\/Land-Art-Schubert_Buch_Cover_Hagen_Julian_Gestaltung-600x400.jpg 600w, https:\/\/www.julianhagen.net\/wp-content\/uploads\/2019\/12\/Land-Art-Schubert_Buch_Cover_Hagen_Julian_Gestaltung-1024x682.jpg 1024w, https:\/\/www.julianhagen.net\/wp-content\/uploads\/2019\/12\/Land-Art-Schubert_Buch_Cover_Hagen_Julian_Gestaltung-150x100.jpg 150w, https:\/\/www.julianhagen.net\/wp-content\/uploads\/2019\/12\/Land-Art-Schubert_Buch_Cover_Hagen_Julian_Gestaltung-768x512.jpg 768w, https:\/\/www.julianhagen.net\/wp-content\/uploads\/2019\/12\/Land-Art-Schubert_Buch_Cover_Hagen_Julian_Gestaltung-1536x1024.jpg 1536w, https:\/\/www.julianhagen.net\/wp-content\/uploads\/2019\/12\/Land-Art-Schubert_Buch_Cover_Hagen_Julian_Gestaltung-300x200.jpg 300w\" sizes=\"(max-width: 2000px) 100vw, 2000px\" media=\"(min-aspect-ratio: 15\/16)\" \/><img decoding=\"async\" src=\"https:\/\/www.julianhagen.net\/wp-content\/uploads\/2019\/12\/Land-Art-Schubert_Buch_Cover_Hagen_Julian_Gestaltung.jpg\" alt=\"\" class=\"hg-carousel-cropped-image-20\" srcset=\"https:\/\/www.julianhagen.net\/wp-content\/uploads\/2019\/12\/Land-Art-Schubert_Buch_Cover_Hagen_Julian_Gestaltung-720x720.jpg 720w, https:\/\/www.julianhagen.net\/wp-content\/uploads\/2019\/12\/Land-Art-Schubert_Buch_Cover_Hagen_Julian_Gestaltung-540x540.jpg 540w, https:\/\/www.julianhagen.net\/wp-content\/uploads\/2019\/12\/Land-Art-Schubert_Buch_Cover_Hagen_Julian_Gestaltung-360x360.jpg 360w\" sizes=\"(max-width: 720px) 100vw, 720px\" \/><\/picture><div class=\"carousel-caption\"><p><\/p><\/div><\/div>\n\n\n\n<div class=\"wp-block-hagen-gestaltung-blocks-carousel-item carousel-item\" data-dark=\"true\"><picture><source class=\"hg-carousel-full-image-916\" srcset=\"https:\/\/www.julianhagen.net\/wp-content\/uploads\/2021\/07\/Visitenkarten-Branding-HAGEN-GESTALTUNG.jpg 2000w, https:\/\/www.julianhagen.net\/wp-content\/uploads\/2021\/07\/Visitenkarten-Branding-HAGEN-GESTALTUNG-600x400.jpg 600w, https:\/\/www.julianhagen.net\/wp-content\/uploads\/2021\/07\/Visitenkarten-Branding-HAGEN-GESTALTUNG-1024x682.jpg 1024w, https:\/\/www.julianhagen.net\/wp-content\/uploads\/2021\/07\/Visitenkarten-Branding-HAGEN-GESTALTUNG-150x100.jpg 150w, https:\/\/www.julianhagen.net\/wp-content\/uploads\/2021\/07\/Visitenkarten-Branding-HAGEN-GESTALTUNG-768x512.jpg 768w, https:\/\/www.julianhagen.net\/wp-content\/uploads\/2021\/07\/Visitenkarten-Branding-HAGEN-GESTALTUNG-1536x1024.jpg 1536w, https:\/\/www.julianhagen.net\/wp-content\/uploads\/2021\/07\/Visitenkarten-Branding-HAGEN-GESTALTUNG-16x12.jpg 16w\" sizes=\"(max-width: 2000px) 100vw, 2000px\" media=\"(min-aspect-ratio: 15\/16)\" \/><img decoding=\"async\" src=\"https:\/\/www.julianhagen.net\/wp-content\/uploads\/2021\/07\/Visitenkarten-Branding-HAGEN-GESTALTUNG.jpg\" class=\"hg-carousel-cropped-image-916\" srcset=\"https:\/\/www.julianhagen.net\/wp-content\/uploads\/2021\/07\/Visitenkarten-Branding-HAGEN-GESTALTUNG-720x720.jpg 720w, https:\/\/www.julianhagen.net\/wp-content\/uploads\/2021\/07\/Visitenkarten-Branding-HAGEN-GESTALTUNG-540x540.jpg 540w, https:\/\/www.julianhagen.net\/wp-content\/uploads\/2021\/07\/Visitenkarten-Branding-HAGEN-GESTALTUNG-360x360.jpg 360w\" sizes=\"(max-width: 720px) 100vw, 720px\" \/><\/picture><div class=\"carousel-caption\"><p><\/p><\/div><\/div>\n\n\n\n<div class=\"wp-block-hagen-gestaltung-blocks-carousel-item carousel-item\" data-dark=\"false\"><picture><source class=\"hg-carousel-full-image-150\" srcset=\"https:\/\/www.julianhagen.net\/wp-content\/uploads\/2020\/01\/Galerie-Hollenstein_Ausstellung_Hagen-Julian_Ausstellungsdesign.jpg 2000w, https:\/\/www.julianhagen.net\/wp-content\/uploads\/2020\/01\/Galerie-Hollenstein_Ausstellung_Hagen-Julian_Ausstellungsdesign-600x424.jpg 600w, https:\/\/www.julianhagen.net\/wp-content\/uploads\/2020\/01\/Galerie-Hollenstein_Ausstellung_Hagen-Julian_Ausstellungsdesign-1024x724.jpg 1024w, https:\/\/www.julianhagen.net\/wp-content\/uploads\/2020\/01\/Galerie-Hollenstein_Ausstellung_Hagen-Julian_Ausstellungsdesign-150x106.jpg 150w, https:\/\/www.julianhagen.net\/wp-content\/uploads\/2020\/01\/Galerie-Hollenstein_Ausstellung_Hagen-Julian_Ausstellungsdesign-768x543.jpg 768w, https:\/\/www.julianhagen.net\/wp-content\/uploads\/2020\/01\/Galerie-Hollenstein_Ausstellung_Hagen-Julian_Ausstellungsdesign-1536x1086.jpg 1536w\" sizes=\"(max-width: 2000px) 100vw, 2000px\" media=\"(min-aspect-ratio: 15\/16)\" \/><img decoding=\"async\" src=\"https:\/\/www.julianhagen.net\/wp-content\/uploads\/2020\/01\/Galerie-Hollenstein_Ausstellung_Hagen-Julian_Ausstellungsdesign.jpg\" class=\"hg-carousel-cropped-image-150\" srcset=\"https:\/\/www.julianhagen.net\/wp-content\/uploads\/2020\/01\/Galerie-Hollenstein_Ausstellung_Hagen-Julian_Ausstellungsdesign-720x720.jpg 720w, https:\/\/www.julianhagen.net\/wp-content\/uploads\/2020\/01\/Galerie-Hollenstein_Ausstellung_Hagen-Julian_Ausstellungsdesign-540x540.jpg 540w, https:\/\/www.julianhagen.net\/wp-content\/uploads\/2020\/01\/Galerie-Hollenstein_Ausstellung_Hagen-Julian_Ausstellungsdesign-360x360.jpg 360w\" sizes=\"(max-width: 720px) 100vw, 720px\" \/><\/picture><div class=\"carousel-caption\"><p><\/p><\/div><\/div>\n\n\n\n<div class=\"wp-block-hagen-gestaltung-blocks-carousel-item carousel-item\" data-dark=\"true\"><picture><source class=\"hg-carousel-full-image-931\" srcset=\"https:\/\/www.julianhagen.net\/wp-content\/uploads\/2021\/10\/Wagner-und-Glass-fashion_Corporate-Identity-HAGEN-GESTALTUNG.jpg 2000w, https:\/\/www.julianhagen.net\/wp-content\/uploads\/2021\/10\/Wagner-und-Glass-fashion_Corporate-Identity-HAGEN-GESTALTUNG-600x400.jpg 600w, https:\/\/www.julianhagen.net\/wp-content\/uploads\/2021\/10\/Wagner-und-Glass-fashion_Corporate-Identity-HAGEN-GESTALTUNG-1024x682.jpg 1024w, https:\/\/www.julianhagen.net\/wp-content\/uploads\/2021\/10\/Wagner-und-Glass-fashion_Corporate-Identity-HAGEN-GESTALTUNG-150x100.jpg 150w, https:\/\/www.julianhagen.net\/wp-content\/uploads\/2021\/10\/Wagner-und-Glass-fashion_Corporate-Identity-HAGEN-GESTALTUNG-768x512.jpg 768w, https:\/\/www.julianhagen.net\/wp-content\/uploads\/2021\/10\/Wagner-und-Glass-fashion_Corporate-Identity-HAGEN-GESTALTUNG-1536x1024.jpg 1536w, https:\/\/www.julianhagen.net\/wp-content\/uploads\/2021\/10\/Wagner-und-Glass-fashion_Corporate-Identity-HAGEN-GESTALTUNG-18x12.jpg 18w\" sizes=\"(max-width: 2000px) 100vw, 2000px\" media=\"(min-aspect-ratio: 15\/16)\" \/><img decoding=\"async\" src=\"https:\/\/www.julianhagen.net\/wp-content\/uploads\/2021\/10\/Wagner-und-Glass-fashion_Corporate-Identity-HAGEN-GESTALTUNG.jpg\" class=\"hg-carousel-cropped-image-931\" srcset=\"https:\/\/www.julianhagen.net\/wp-content\/uploads\/2021\/10\/Wagner-und-Glass-fashion_Corporate-Identity-HAGEN-GESTALTUNG-720x720.jpg 720w, https:\/\/www.julianhagen.net\/wp-content\/uploads\/2021\/10\/Wagner-und-Glass-fashion_Corporate-Identity-HAGEN-GESTALTUNG-540x540.jpg 540w, https:\/\/www.julianhagen.net\/wp-content\/uploads\/2021\/10\/Wagner-und-Glass-fashion_Corporate-Identity-HAGEN-GESTALTUNG-360x360.jpg 360w\" sizes=\"(max-width: 720px) 100vw, 720px\" \/><\/picture><div class=\"carousel-caption\"><p><\/p><\/div><\/div>\n<\/div><a class=\"carousel-control-prev\" href=\"#carousel-e8f08cfccc6f0116237f6e678a52e799\" role=\"button\" data-slide=\"prev\"><span class=\"carousel-control-prev-icon\" aria-hidden=\"true\"><\/span><span class=\"sr-only\">Previous<\/span><\/a><a class=\"carousel-control-next\" href=\"#carousel-e8f08cfccc6f0116237f6e678a52e799\" role=\"button\" data-slide=\"next\"><span class=\"carousel-control-next-icon\" aria-hidden=\"true\"><\/span><span class=\"sr-only\">Next<\/span><\/a><\/div>\n\n\n\n<div style=\"height:100px\" aria-hidden=\"true\" class=\"wp-block-spacer\"><\/div>\n\n\n\n<p class=\"has-text-align-center\">HAGEN GESTALTUNG is a graphic design office for exceptional ideas in Vienna and Dornbirn.<\/p>\n\n\n\n<p class=\"has-text-align-center\">As an agency with lean structures and a team that is put together according to project requirements, even major agency services can be carried out efficiently and economically. <br><br>We create exceptional design solutions for customers from the trades, services, art and culture.<br><br>\u2192 <strong><a href=\"https:\/\/www.julianhagen.net\/arbeiten\/\">mehr erfahren<\/a><\/strong><\/p>\n\n\n\n<div style=\"height:100px\" aria-hidden=\"true\" class=\"wp-block-spacer\"><\/div>\n\n\n\n<div class=\"wp-block-columns is-layout-flex wp-container-core-columns-is-layout-9d6595d7 wp-block-columns-is-layout-flex\">\n<div class=\"wp-block-column is-layout-flow wp-block-column-is-layout-flow\"><article id=\"post-899\" class=\"grid-item post-899 hg_work type-hg_work status-publish has-post-thumbnail hentry hg_work_cat-corporate-design\">\n\t\t\t\t<div class=\"post-thumbnail\">\n\t\t\t\t\t<a href=\"https:\/\/www.julianhagen.net\/en\/arbeiten\/traveldoc\/\"><img loading=\"lazy\" decoding=\"async\" width=\"1024\" height=\"682\" src=\"https:\/\/www.julianhagen.net\/wp-content\/uploads\/2021\/05\/Traveldoc-Visitenkarte_Design_Ausschnitt-2_HAGEN-GESTALUNG-1024x682.jpg\" class=\"attachment-large size-large wp-post-image\" alt=\"\" srcset=\"https:\/\/www.julianhagen.net\/wp-content\/uploads\/2021\/05\/Traveldoc-Visitenkarte_Design_Ausschnitt-2_HAGEN-GESTALUNG-1024x682.jpg 1024w, https:\/\/www.julianhagen.net\/wp-content\/uploads\/2021\/05\/Traveldoc-Visitenkarte_Design_Ausschnitt-2_HAGEN-GESTALUNG-600x400.jpg 600w, https:\/\/www.julianhagen.net\/wp-content\/uploads\/2021\/05\/Traveldoc-Visitenkarte_Design_Ausschnitt-2_HAGEN-GESTALUNG-150x100.jpg 150w, https:\/\/www.julianhagen.net\/wp-content\/uploads\/2021\/05\/Traveldoc-Visitenkarte_Design_Ausschnitt-2_HAGEN-GESTALUNG-768x512.jpg 768w, https:\/\/www.julianhagen.net\/wp-content\/uploads\/2021\/05\/Traveldoc-Visitenkarte_Design_Ausschnitt-2_HAGEN-GESTALUNG-1536x1024.jpg 1536w, https:\/\/www.julianhagen.net\/wp-content\/uploads\/2021\/05\/Traveldoc-Visitenkarte_Design_Ausschnitt-2_HAGEN-GESTALUNG-18x12.jpg 18w, https:\/\/www.julianhagen.net\/wp-content\/uploads\/2021\/05\/Traveldoc-Visitenkarte_Design_Ausschnitt-2_HAGEN-GESTALUNG.jpg 2000w\" sizes=\"auto, (max-width: 1024px) 100vw, 1024px\" \/><h2 class=\"entry-title\">traveldoc - center for travel medicine<\/h2>\n\t\t\t\t\t\t<p class=\"entry-subtitle\">Corporate Design<\/p>\n\t\t\t\t\t<\/a>\n\t\t\t\t<\/div><!-- .post-thumbnail -->\n\t\t\t\t<\/article><!-- #post-## --><\/div>\n\n\n\n<div class=\"wp-block-column is-layout-flow wp-block-column-is-layout-flow\"><article id=\"post-1145\" class=\"grid-item post-1145 hg_work type-hg_work status-publish hentry hg_work_cat-corporate-design\">\n\t\t\t\t<div class=\"post-thumbnail\">\n\t\t\t\t\t<a href=\"https:\/\/www.julianhagen.net\/en\/arbeiten\/lustenauer-senf-re-branding\/\"><video autoplay loop muted playsinline src=\"https:\/\/www.julianhagen.net\/wp-content\/uploads\/2024\/11\/LUSE_Animation_1200x720px-2-1.mp4\"><\/video><h2 class=\"entry-title\">Lustenauer Senf Re-branding<\/h2>\n\t\t\t\t\t\t<p class=\"entry-subtitle\">Corporate Design<\/p>\n\t\t\t\t\t<\/a>\n\t\t\t\t<\/div><!-- .post-thumbnail -->\n\t\t\t\t<\/article><!-- #post-## --><\/div>\n\n\n\n<div class=\"wp-block-column is-layout-flow wp-block-column-is-layout-flow\"><article id=\"post-1278\" class=\"grid-item post-1278 hg_work type-hg_work status-publish hentry hg_work_cat-web\">\n\t\t\t\t<div class=\"post-thumbnail\">\n\t\t\t\t\t<a href=\"https:\/\/www.julianhagen.net\/en\/arbeiten\/aneun-website\/\"><video autoplay loop muted playsinline src=\"https:\/\/www.julianhagen.net\/wp-content\/uploads\/2025\/06\/aneun_startseite_mobil_kurz-720p-1.mp4\"><\/video><h2 class=\"entry-title\">ANEUN ArchitektInnen OG<\/h2>\n\t\t\t\t\t\t<p class=\"entry-subtitle\">online content,<\/p>\n\t\t\t\t\t<\/a>\n\t\t\t\t<\/div><!-- .post-thumbnail -->\n\t\t\t\t<\/article><!-- #post-## --><\/div>\n<\/div>\n\n\n\n<div style=\"height:100px\" aria-hidden=\"true\" class=\"wp-block-spacer\"><\/div>\n\n\n\n<p class=\"has-text-align-center\">HAGEN GESTALTUNG asks questions and gives the right answers in form, image and text. <br><\/p>\n\n\n\n<div style=\"height:100px\" aria-hidden=\"true\" class=\"wp-block-spacer\"><\/div>","protected":false},"excerpt":{"rendered":"<p>HAGEN GESTALTUNG ist ein Grafik Design B\u00fcro f\u00fcr besondere Ideen in Wien und Dornbirn. Als B\u00fcro mit schlanken Strukturen und einem Team das je nach Projektanforderung individuell zusammengestellt wird, k\u00f6nnen auch gro\u00dfe Agenturleistungen effizient und \u00f6konomisch umgesetzt werden. Hier entstehen besondere Designl\u00f6sungen f\u00fcr Kunden aus Handwerk, Dienstleistung, Kunst &amp; Kultur. \u2192 mehr erfahren HAGEN GESTALTUNG [&#8230;]<\/p>\n<p><a class=\"btn btn-secondary read-more-link\" href=\"https:\/\/www.julianhagen.net\/en\/\">Read More&#8230;<\/a><\/p>","protected":false},"author":1,"featured_media":0,"parent":0,"menu_order":0,"comment_status":"closed","ping_status":"closed","template":"","meta":{"_monsterinsights_skip_tracking":false,"_monsterinsights_sitenote_active":false,"_monsterinsights_sitenote_note":"","_monsterinsights_sitenote_category":0,"footnotes":""},"class_list":["post-17","page","type-page","status-publish","hentry"],"yoast_head":"<!-- This site is optimized with the Yoast SEO plugin v26.8 - https:\/\/yoast.com\/product\/yoast-seo-wordpress\/ -->\n<title>branding, Marken Entwicklung, Websites, Verpackungsdesign - Hagen Gestaltung - Julian Hagen - Wien<\/title>\n<meta name=\"description\" content=\"Das B\u00fcro f\u00fcr besondere Ideen macht Erscheinungsbilder, B\u00fccher, Magazine, Verpackungen, Drucksorten, Websites und digitale Services.\" \/>\n<meta name=\"robots\" content=\"index, follow, max-snippet:-1, max-image-preview:large, max-video-preview:-1\" \/>\n<link rel=\"canonical\" href=\"https:\/\/www.julianhagen.net\/en\/\" \/>\n<meta property=\"og:locale\" content=\"en_US\" \/>\n<meta property=\"og:type\" content=\"article\" \/>\n<meta property=\"og:title\" content=\"branding, Marken Entwicklung, Websites, Verpackungsdesign - Hagen Gestaltung - Julian Hagen - Wien\" \/>\n<meta property=\"og:description\" content=\"Das B\u00fcro f\u00fcr besondere Ideen macht Erscheinungsbilder, B\u00fccher, Magazine, Verpackungen, Drucksorten, Websites und digitale Services.\" \/>\n<meta property=\"og:url\" content=\"https:\/\/www.julianhagen.net\/en\/\" \/>\n<meta property=\"og:site_name\" content=\"Hagen Gestaltung\" \/>\n<meta property=\"article:modified_time\" content=\"2025-06-02T17:02:09+00:00\" \/>\n<meta property=\"og:image\" content=\"https:\/\/www.julianhagen.net\/wp-content\/uploads\/2025\/03\/Lustenauer_Group3-2-scaled.webp\" \/>\n<meta name=\"twitter:card\" content=\"summary_large_image\" \/>\n<meta name=\"twitter:label1\" content=\"Est. reading time\" \/>\n\t<meta name=\"twitter:data1\" content=\"2 minutes\" \/>\n<!-- \/ Yoast SEO plugin. -->","yoast_head_json":{"title":"branding, Marken Entwicklung, Websites, Verpackungsdesign - Hagen Gestaltung - Julian Hagen - Wien","description":"Das B\u00fcro f\u00fcr besondere Ideen macht Erscheinungsbilder, B\u00fccher, Magazine, Verpackungen, Drucksorten, Websites und digitale Services.","robots":{"index":"index","follow":"follow","max-snippet":"max-snippet:-1","max-image-preview":"max-image-preview:large","max-video-preview":"max-video-preview:-1"},"canonical":"https:\/\/www.julianhagen.net\/en\/","og_locale":"en_US","og_type":"article","og_title":"branding, Marken Entwicklung, Websites, Verpackungsdesign - Hagen Gestaltung - Julian Hagen - Wien","og_description":"Das B\u00fcro f\u00fcr besondere Ideen macht Erscheinungsbilder, B\u00fccher, Magazine, Verpackungen, Drucksorten, Websites und digitale Services.","og_url":"https:\/\/www.julianhagen.net\/en\/","og_site_name":"Hagen Gestaltung","article_modified_time":"2025-06-02T17:02:09+00:00","og_image":[{"url":"https:\/\/www.julianhagen.net\/wp-content\/uploads\/2025\/03\/Lustenauer_Group3-2-scaled.webp","type":"","width":"","height":""}],"twitter_card":"summary_large_image","twitter_misc":{"Est. reading time":"2 minutes"},"schema":{"@context":"https:\/\/schema.org","@graph":[{"@type":"WebPage","@id":"https:\/\/www.julianhagen.net\/","url":"https:\/\/www.julianhagen.net\/","name":"branding, Marken Entwicklung, Websites, Verpackungsdesign - Hagen Gestaltung - Julian Hagen - Wien","isPartOf":{"@id":"https:\/\/www.julianhagen.net\/#website"},"primaryImageOfPage":{"@id":"https:\/\/www.julianhagen.net\/#primaryimage"},"image":{"@id":"https:\/\/www.julianhagen.net\/#primaryimage"},"thumbnailUrl":"https:\/\/www.julianhagen.net\/wp-content\/uploads\/2025\/03\/Lustenauer_Group3-2-scaled.webp","datePublished":"2019-12-09T15:43:04+00:00","dateModified":"2025-06-02T17:02:09+00:00","description":"Das B\u00fcro f\u00fcr besondere Ideen macht Erscheinungsbilder, B\u00fccher, Magazine, Verpackungen, Drucksorten, Websites und digitale Services.","breadcrumb":{"@id":"https:\/\/www.julianhagen.net\/#breadcrumb"},"inLanguage":"en-US","potentialAction":[{"@type":"ReadAction","target":["https:\/\/www.julianhagen.net\/"]}]},{"@type":"ImageObject","inLanguage":"en-US","@id":"https:\/\/www.julianhagen.net\/#primaryimage","url":"https:\/\/www.julianhagen.net\/wp-content\/uploads\/2025\/03\/Lustenauer_Group3-2-scaled.webp","contentUrl":"https:\/\/www.julianhagen.net\/wp-content\/uploads\/2025\/03\/Lustenauer_Group3-2-scaled.webp"},{"@type":"BreadcrumbList","@id":"https:\/\/www.julianhagen.net\/#breadcrumb","itemListElement":[{"@type":"ListItem","position":1,"name":"Startseite","item":"https:\/\/www.julianhagen.net\/"},{"@type":"ListItem","position":2,"name":"branding, Marken Entwicklung, Websites, Verpackungsdesign"}]},{"@type":"WebSite","@id":"https:\/\/www.julianhagen.net\/#website","url":"https:\/\/www.julianhagen.net\/","name":"Hagen Gestaltung","description":"","publisher":{"@id":"https:\/\/www.julianhagen.net\/#\/schema\/person\/200749b7a47166e6db3baea812792a23"},"potentialAction":[{"@type":"SearchAction","target":{"@type":"EntryPoint","urlTemplate":"https:\/\/www.julianhagen.net\/?s={search_term_string}"},"query-input":{"@type":"PropertyValueSpecification","valueRequired":true,"valueName":"search_term_string"}}],"inLanguage":"en-US"},{"@type":["Person","Organization"],"@id":"https:\/\/www.julianhagen.net\/#\/schema\/person\/200749b7a47166e6db3baea812792a23","name":"julian","image":{"@type":"ImageObject","inLanguage":"en-US","@id":"https:\/\/www.julianhagen.net\/#\/schema\/person\/image\/","url":"https:\/\/www.julianhagen.net\/wp-content\/uploads\/2021\/05\/HAGEN-GESTALTUNG_H-03-01.png","contentUrl":"https:\/\/www.julianhagen.net\/wp-content\/uploads\/2021\/05\/HAGEN-GESTALTUNG_H-03-01.png","width":34,"height":32,"caption":"julian"},"logo":{"@id":"https:\/\/www.julianhagen.net\/#\/schema\/person\/image\/"}}]}},"_links":{"self":[{"href":"https:\/\/www.julianhagen.net\/en\/wp-json\/wp\/v2\/pages\/17","targetHints":{"allow":["GET"]}}],"collection":[{"href":"https:\/\/www.julianhagen.net\/en\/wp-json\/wp\/v2\/pages"}],"about":[{"href":"https:\/\/www.julianhagen.net\/en\/wp-json\/wp\/v2\/types\/page"}],"author":[{"embeddable":true,"href":"https:\/\/www.julianhagen.net\/en\/wp-json\/wp\/v2\/users\/1"}],"replies":[{"embeddable":true,"href":"https:\/\/www.julianhagen.net\/en\/wp-json\/wp\/v2\/comments?post=17"}],"version-history":[{"count":102,"href":"https:\/\/www.julianhagen.net\/en\/wp-json\/wp\/v2\/pages\/17\/revisions"}],"predecessor-version":[{"id":1306,"href":"https:\/\/www.julianhagen.net\/en\/wp-json\/wp\/v2\/pages\/17\/revisions\/1306"}],"wp:attachment":[{"href":"https:\/\/www.julianhagen.net\/en\/wp-json\/wp\/v2\/media?parent=17"}],"curies":[{"name":"wp","href":"https:\/\/api.w.org\/{rel}","templated":true}]}}